{"id":781,"date":"2017-02-09T08:45:13","date_gmt":"2017-02-09T08:45:13","guid":{"rendered":"http:\/\/dummy.xtemos.com\/basel\/vers\/?page_id=781"},"modified":"2021-12-22T11:38:49","modified_gmt":"2021-12-22T11:38:49","slug":"apie-mus","status":"publish","type":"page","link":"https:\/\/biopellets.lt\/index.php\/apie-mus\/","title":{"rendered":"Apie mus"},"content":{"rendered":"<p>[vc_row full_width=&#8221;stretch_row_content_no_spaces&#8221; content_placement=&#8221;middle&#8221; css=&#8221;.vc_custom_1451486211770{margin-top: -40px !important;margin-bottom: -40px !important;}&#8221;][vc_column offset=&#8221;vc_col-md-6&#8243;][vc_single_image image=&#8221;782&#8243; img_size=&#8221;full&#8221; alignment=&#8221;center&#8221; css=&#8221;.vc_custom_1486629733114{margin-bottom: 0px !important;}&#8221;][\/vc_column][vc_column css=&#8221;.vc_custom_1485009354843{margin-top: 25px !important;margin-bottom: 40px !important;padding-right: 10% !important;padding-left: 10% !important;}&#8221; offset=&#8221;vc_col-md-6&#8243;][vc_column_text css=&#8221;.vc_custom_1640173107628{margin-bottom: 30px !important;}&#8221;]<\/p>\n<h1 class=\"font-title\" style=\"text-align: center; font-size: 42px; text-transform: capitalize;\"><strong>APIE MUS<\/strong><\/h1>\n<p>[\/vc_column_text][vc_column_text css=&#8221;.vc_custom_1640173113335{padding-right: 30px !important;padding-left: 30px !important;}&#8221;]<\/p>\n<p style=\"text-align: center; line-height: 1.8;\">UAB Biomedis \u012fkurta atsi\u017evelgiant \u012f vis did\u0117jant\u012f kietojo biokuro poreik\u012f nam\u0173 \u0161ildymui, kietojo kuro pramonin\u0117se katilin\u0117se. Atsinaujinantys vietiniai i\u0161tekliai \u2013 mediena, jos produktai vartotojams u\u017etikrina ne tik \u0161ildym\u0105, energetinius resursus, bet tuo pa\u010diu leid\u017eia prisid\u0117ti prie ekologin\u0117s sistemos vystymo, ma\u017eina oro tar\u0161\u0105.<\/p>\n<p>[\/vc_column_text]\n\t\t\t<ul class=\"social-icons text-center icons-design-circle icons-size-default social-share \">\n\t\t\t\t\t\t\t\t\t<li class=\"social-facebook\"><a rel=\"nofollow\" href=\"https:\/\/www.facebook.com\/sharer\/sharer.php?u=https:\/\/biopellets.lt\/index.php\/apie-mus\/\" target=\"_blank\" class=\"\"><i class=\"fa fa-facebook\"><\/i><span class=\"basel-social-icon-name\">Facebook<\/span><\/a><\/li>\n\t\t\t\t\n\t\t\t\t\t\t\t\t\t<li class=\"social-twitter\"><a rel=\"nofollow\" href=\"https:\/\/twitter.com\/share?url=https:\/\/biopellets.lt\/index.php\/apie-mus\/\" target=\"_blank\" class=\"\"><i class=\"fa fa-twitter\"><\/i><span class=\"basel-social-icon-name\">Twitter<\/span><\/a><\/li>\n\t\t\t\t\n\t\t\t\t\n\t\t\t\t\n\t\t\t\t\n\t\t\t\t\t\t\t\t\t<li class=\"social-pinterest\"><a rel=\"nofollow\" href=\"https:\/\/pinterest.com\/pin\/create\/button\/?url=https:\/\/biopellets.lt\/index.php\/apie-mus\/&media=https:\/\/biopellets.lt\/wp-includes\/images\/media\/default.svg\" target=\"_blank\" class=\"\"><i class=\"fa fa-pinterest\"><\/i><span class=\"basel-social-icon-name\">Pinterest<\/span><\/a><\/li>\n\t\t\t\t\n\t\t\t\t\n\t\t\t\t\t\t\t\t\t<li class=\"social-linkedin\"><a rel=\"nofollow\" href=\"https:\/\/www.linkedin.com\/shareArticle?mini=true&url=https:\/\/biopellets.lt\/index.php\/apie-mus\/\" target=\"_blank\" class=\"\"><i class=\"fa fa-linkedin\"><\/i><span class=\"basel-social-icon-name\">LinkedIn<\/span><\/a><\/li>\n\t\t\t\t\n\t\t\t\t\n\t\t\t\t\n\t\t\t\t\n\t\t\t\t\n\t\t\t\t\n\t\t\t\t\n\t\t\t\t\n\t\t\t\t\n\t\t\t\t\t\t\t\t\n\t\t\t\t\n\t\t\t\t\n\t\t\t\t\t\t\t\t\t<li class=\"social-tg\"><a rel=\"nofollow\" href=\"https:\/\/telegram.me\/share\/url?url=https:\/\/biopellets.lt\/index.php\/apie-mus\/\" target=\"_blank\" class=\"\"><i class=\"fa fa-telegram\"><\/i><span class=\"basel-social-icon-name\">Telegram<\/span><\/a><\/li>\n\t\t\t\t\n\t\t\t<\/ul>\n\n\t\t[\/vc_column][\/vc_row]<\/p>\n","protected":false},"excerpt":{"rendered":"<p>[vc_row full_width=&#8221;stretch_row_content_no_spaces&#8221; content_placement=&#8221;middle&#8221; css=&#8221;.vc_custom_1451486211770{margin-top: -40px !important;margin-bottom: -40px !important;}&#8221;][vc_column offset=&#8221;vc_col-md-6&#8243;][vc_single_image image=&#8221;782&#8243; img_size=&#8221;full&#8221; alignment=&#8221;center&#8221; css=&#8221;.vc_custom_1486629733114{margin-bottom: 0px !important;}&#8221;][\/vc_column][vc_column css=&#8221;.vc_custom_1485009354843{margin-top: 25px !important;margin-bottom: 40px !important;padding-right:<\/p>\n","protected":false},"author":1,"featured_media":0,"parent":0,"menu_order":0,"comment_status":"closed","ping_status":"closed","template":"","meta":{"footnotes":""},"class_list":["post-781","page","type-page","status-publish","hentry"],"_links":{"self":[{"href":"https:\/\/biopellets.lt\/index.php\/wp-json\/wp\/v2\/pages\/781","targetHints":{"allow":["GET"]}}],"collection":[{"href":"https:\/\/biopellets.lt\/index.php\/wp-json\/wp\/v2\/pages"}],"about":[{"href":"https:\/\/biopellets.lt\/index.php\/wp-json\/wp\/v2\/types\/page"}],"author":[{"embeddable":true,"href":"https:\/\/biopellets.lt\/index.php\/wp-json\/wp\/v2\/users\/1"}],"replies":[{"embeddable":true,"href":"https:\/\/biopellets.lt\/index.php\/wp-json\/wp\/v2\/comments?post=781"}],"version-history":[{"count":2,"href":"https:\/\/biopellets.lt\/index.php\/wp-json\/wp\/v2\/pages\/781\/revisions"}],"predecessor-version":[{"id":1569,"href":"https:\/\/biopellets.lt\/index.php\/wp-json\/wp\/v2\/pages\/781\/revisions\/1569"}],"wp:attachment":[{"href":"https:\/\/biopellets.lt\/index.php\/wp-json\/wp\/v2\/media?parent=781"}],"curies":[{"name":"wp","href":"https:\/\/api.w.org\/{rel}","templated":true}]}}